{"id":2121,"date":"2024-10-02T05:12:30","date_gmt":"2024-10-02T05:12:30","guid":{"rendered":"https:\/\/www.avanti-online.com\/about\/"},"modified":"2026-03-03T12:37:09","modified_gmt":"2026-03-03T12:37:09","slug":"about","status":"publish","type":"page","link":"https:\/\/www.avanti-online.com\/de\/about\/","title":{"rendered":"\u00dcber uns"},"content":{"rendered":"<p><strong>Sicherheitsl\u00f6sungen f\u00fcr Windkraftanlagen<\/strong><\/p>\n<p>Seit \u00fcber einem Jahrzehnt ist Avanti weltweit f\u00fchrend im Bereich Sicherheitsl\u00f6sungen f\u00fcr Windkraftanlagen. Als Teil der Alimak Group verf\u00fcgt Avanti heute \u00fcber eine starke globale Marktpr\u00e4senz und bietet ein umfassendes Sortiment an Serviceaufz\u00fcgen, Sicherheitsprodukten und Schulungskursen, die einen sicheren Betrieb von Windkraftanlagen weltweit erm\u00f6glichen.<\/p>\n","protected":false},"excerpt":{"rendered":"<p>Sicherheitsl\u00f6sungen f\u00fcr Windkraftanlagen Seit \u00fcber einem Jahrzehnt ist Avanti weltweit f\u00fchrend im Bereich Sicherheitsl\u00f6sungen f\u00fcr Windkraftanlagen. Als Teil der Alimak Group verf\u00fcgt Avanti heute \u00fcber eine starke globale Marktpr\u00e4senz und bietet ein umfassendes Sortiment an Serviceaufz\u00fcgen, Sicherheitsprodukten und Schulungskursen, die einen sicheren Betrieb von Windkraftanlagen weltweit erm\u00f6glichen.<\/p>\n","protected":false},"author":1,"featured_media":0,"parent":0,"menu_order":0,"comment_status":"closed","ping_status":"closed","template":"about_no_timeline.php","meta":{"inline_featured_image":false,"footnotes":""},"class_list":["post-2121","page","type-page","status-publish","hentry"],"_links":{"self":[{"href":"https:\/\/www.avanti-online.com\/de\/wp-json\/wp\/v2\/pages\/2121","targetHints":{"allow":["GET"]}}],"collection":[{"href":"https:\/\/www.avanti-online.com\/de\/wp-json\/wp\/v2\/pages"}],"about":[{"href":"https:\/\/www.avanti-online.com\/de\/wp-json\/wp\/v2\/types\/page"}],"author":[{"embeddable":true,"href":"https:\/\/www.avanti-online.com\/de\/wp-json\/wp\/v2\/users\/1"}],"replies":[{"embeddable":true,"href":"https:\/\/www.avanti-online.com\/de\/wp-json\/wp\/v2\/comments?post=2121"}],"version-history":[{"count":3,"href":"https:\/\/www.avanti-online.com\/de\/wp-json\/wp\/v2\/pages\/2121\/revisions"}],"predecessor-version":[{"id":2235,"href":"https:\/\/www.avanti-online.com\/de\/wp-json\/wp\/v2\/pages\/2121\/revisions\/2235"}],"wp:attachment":[{"href":"https:\/\/www.avanti-online.com\/de\/wp-json\/wp\/v2\/media?parent=2121"}],"curies":[{"name":"wp","href":"https:\/\/api.w.org\/{rel}","templated":true}]}}