{"id":2122,"date":"2025-07-30T06:10:27","date_gmt":"2025-07-30T06:10:27","guid":{"rendered":"https:\/\/www.avanti-online.com\/avanti-academy\/"},"modified":"2026-03-03T12:13:22","modified_gmt":"2026-03-03T12:13:22","slug":"avanti-academy","status":"publish","type":"page","link":"https:\/\/www.avanti-online.com\/de\/avanti-academy\/","title":{"rendered":"Avanti Academy"},"content":{"rendered":"<h1>Avanti Academy App<\/h1>\n<p>Die Avanti Academy App bietet automatischen Zugriff auf Ihre g\u00fcltigen Zertifikate und Nachweise von Avanti. Zus\u00e4tzlich k\u00f6nnen Sie externe Dokumente neben Ihren Avanti Zertifikaten hochladen, verwalten und jedes Zertifikat direkt von Ihrem Ger\u00e4t aus teilen oder per E-Mail versenden \u2013 f\u00fcr einen schnelleren Zugang zu den Windkraftanlagen oder bei Bedarf an Nachweisen. Die App erinnert rechtzeitig an Zertifikatsabl\u00e4ufe und erm\u00f6glicht jederzeit einfachen Zugriff auf Kursmaterialien \u2013 alles \u00fcbersichtlich an einem Ort.<\/p>\n","protected":false},"excerpt":{"rendered":"<p>Avanti Academy App Die Avanti Academy App bietet automatischen Zugriff auf Ihre g\u00fcltigen Zertifikate und Nachweise von Avanti. Zus\u00e4tzlich k\u00f6nnen Sie externe Dokumente neben Ihren Avanti Zertifikaten hochladen, verwalten und jedes Zertifikat direkt von Ihrem Ger\u00e4t aus teilen oder per E-Mail versenden \u2013 f\u00fcr einen schnelleren Zugang zu den Windkraftanlagen oder bei Bedarf an Nachweisen. Die App erinnert rechtzeitig an <a href=\"https:\/\/www.avanti-online.com\/de\/avanti-academy\/\" class=\"readmore\">Read the Rest&#8230;<\/a><\/p>\n","protected":false},"author":1,"featured_media":0,"parent":0,"menu_order":0,"comment_status":"closed","ping_status":"closed","template":"refurbishment.php","meta":{"inline_featured_image":false,"footnotes":""},"class_list":["post-2122","page","type-page","status-publish","hentry"],"_links":{"self":[{"href":"https:\/\/www.avanti-online.com\/de\/wp-json\/wp\/v2\/pages\/2122","targetHints":{"allow":["GET"]}}],"collection":[{"href":"https:\/\/www.avanti-online.com\/de\/wp-json\/wp\/v2\/pages"}],"about":[{"href":"https:\/\/www.avanti-online.com\/de\/wp-json\/wp\/v2\/types\/page"}],"author":[{"embeddable":true,"href":"https:\/\/www.avanti-online.com\/de\/wp-json\/wp\/v2\/users\/1"}],"replies":[{"embeddable":true,"href":"https:\/\/www.avanti-online.com\/de\/wp-json\/wp\/v2\/comments?post=2122"}],"version-history":[{"count":2,"href":"https:\/\/www.avanti-online.com\/de\/wp-json\/wp\/v2\/pages\/2122\/revisions"}],"predecessor-version":[{"id":2227,"href":"https:\/\/www.avanti-online.com\/de\/wp-json\/wp\/v2\/pages\/2122\/revisions\/2227"}],"wp:attachment":[{"href":"https:\/\/www.avanti-online.com\/de\/wp-json\/wp\/v2\/media?parent=2122"}],"curies":[{"name":"wp","href":"https:\/\/api.w.org\/{rel}","templated":true}]}}