{"id":2123,"date":"2025-02-19T11:57:46","date_gmt":"2025-02-19T11:57:46","guid":{"rendered":"https:\/\/www.avanti-online.com\/careers\/"},"modified":"2026-03-03T12:51:19","modified_gmt":"2026-03-03T12:51:19","slug":"careers","status":"publish","type":"page","link":"https:\/\/www.avanti-online.com\/de\/careers\/","title":{"rendered":"Karriere"},"content":{"rendered":"<h1><strong>Sicherheit &amp; Nachhaltigkeit pr\u00e4gen Avanti<\/strong><\/h1>\n<p> F\u00fcr Avanti, als Teil der Alimak Group, bilden Sicherheit und Nachhaltigkeit das Fundament unserer Vision f\u00fcr eine erneuerbare Zukunft. Sie treiben unsere Innovationskraft an, f\u00f6rdern die Zusammenarbeit in einem vielf\u00e4ltigen Umfeld und erm\u00f6glichen berufliches Wachstum \u2013 damit wir gemeinsam neue H\u00f6hen erreichen. Eine nachhaltige Zukunft entsteht durch ein engagiertes Team, deshalb setzen wir uns daf\u00fcr ein, die besten Talente zu gewinnen.<\/p>\n<p>Wir suchen Menschen, die uns dabei unterst\u00fctzen, L\u00f6sungen zu entwickeln, die unsere Kunden und die Welt sicherer und nachhaltiger machen. Ob Sie ein neues Produkt entwickeln, Kosten optimieren, Kundenanfragen betreuen oder Windenergieanlagent\u00fcrme besteigen, um einen Avanti-Aufzug zu inspizieren \u2013 wir verfolgen stets das Ziel, gemeinsam neue H\u00f6hen zu erreichen.<\/p>\n","protected":false},"excerpt":{"rendered":"<p>Sicherheit &amp; Nachhaltigkeit pr\u00e4gen Avanti F\u00fcr Avanti, als Teil der Alimak Group, bilden Sicherheit und Nachhaltigkeit das Fundament unserer Vision f\u00fcr eine erneuerbare Zukunft. Sie treiben unsere Innovationskraft an, f\u00f6rdern die Zusammenarbeit in einem vielf\u00e4ltigen Umfeld und erm\u00f6glichen berufliches Wachstum \u2013 damit wir gemeinsam neue H\u00f6hen erreichen. Eine nachhaltige Zukunft entsteht durch ein engagiertes Team, deshalb setzen wir uns daf\u00fcr <a href=\"https:\/\/www.avanti-online.com\/de\/careers\/\" class=\"readmore\">Read the Rest&#8230;<\/a><\/p>\n","protected":false},"author":1,"featured_media":0,"parent":0,"menu_order":0,"comment_status":"closed","ping_status":"closed","template":"careers.php","meta":{"inline_featured_image":false,"footnotes":""},"class_list":["post-2123","page","type-page","status-publish","hentry"],"_links":{"self":[{"href":"https:\/\/www.avanti-online.com\/de\/wp-json\/wp\/v2\/pages\/2123","targetHints":{"allow":["GET"]}}],"collection":[{"href":"https:\/\/www.avanti-online.com\/de\/wp-json\/wp\/v2\/pages"}],"about":[{"href":"https:\/\/www.avanti-online.com\/de\/wp-json\/wp\/v2\/types\/page"}],"author":[{"embeddable":true,"href":"https:\/\/www.avanti-online.com\/de\/wp-json\/wp\/v2\/users\/1"}],"replies":[{"embeddable":true,"href":"https:\/\/www.avanti-online.com\/de\/wp-json\/wp\/v2\/comments?post=2123"}],"version-history":[{"count":3,"href":"https:\/\/www.avanti-online.com\/de\/wp-json\/wp\/v2\/pages\/2123\/revisions"}],"predecessor-version":[{"id":2238,"href":"https:\/\/www.avanti-online.com\/de\/wp-json\/wp\/v2\/pages\/2123\/revisions\/2238"}],"wp:attachment":[{"href":"https:\/\/www.avanti-online.com\/de\/wp-json\/wp\/v2\/media?parent=2123"}],"curies":[{"name":"wp","href":"https:\/\/api.w.org\/{rel}","templated":true}]}}