{"id":2129,"date":"2024-10-04T06:57:26","date_gmt":"2024-10-04T06:57:26","guid":{"rendered":"https:\/\/www.avanti-online.com\/sustainability\/"},"modified":"2026-03-03T12:36:07","modified_gmt":"2026-03-03T12:36:07","slug":"sustainability","status":"publish","type":"page","link":"https:\/\/www.avanti-online.com\/de\/sustainability\/","title":{"rendered":"Nachhaltigkeit"},"content":{"rendered":"<h1>Nachhaltigkeit vorantreiben \u2013 f\u00fcr eine gr\u00fcnere Zukunft<\/h1>\n<p> Bei Avanti setzen wir uns f\u00fcr den Aufbau einer nachhaltigeren Welt ein. Als verl\u00e4sslicher Partner unserer Kunden und Gesch\u00e4ftspartner streben wir danach, unsere Umweltbelastung zu minimieren und einen bedeutenden Wandel voranzutreiben.<\/p>\n<p>Als Teil der Alimak Group haben wir einen Nachhaltigkeitsrahmen entwickelt, der an den Zielen f\u00fcr nachhaltige Entwicklung der Vereinten Nationen (SDGs) ausgerichtet ist. So stellen wir sicher, dass wir gezielt auf unser ambitioniertes Ziel hinarbeiten: die Reduzierung unseres gesamten CO\u2082-Fu\u00dfabdrucks entlang der Wertsch\u00f6pfungskette um 50 % bis 2030.<\/p>\n<p><strong>Nachhaltige Beziehungen<\/strong><br \/>\nWir handeln verantwortungsbewusst, indem wir ein inklusives und engagiertes Arbeitsumfeld f\u00f6rdern \u2013 und erwarten dasselbe von unseren Gesch\u00e4ftspartnern. Zudem engagieren wir uns aktiv in relevanten Netzwerken und leisten einen Beitrag zur nachhaltigen Transformation der Branchen, in denen wir t\u00e4tig sind.<\/p>\n<p><strong>Nachhaltige L\u00f6sungen<\/strong><br \/>\nUnsere Produkte und L\u00f6sungen sind darauf ausgelegt, die Umweltbelastung \u00fcber ihren gesamten Lebenszyklus hinweg zu minimieren. Mit innovativen L\u00f6sungen unterst\u00fctzen wir unsere Kunden dabei, ihre Produktivit\u00e4t zu steigern und gleichzeitig ihren CO\u2082-Fu\u00dfabdruck zu reduzieren. Sichere und zuverl\u00e4ssige L\u00f6sungen sind ein zentraler Bestandteil der DNA und der Grundwerte der Alimak Group.<\/p>\n<p><strong>Nachhaltige Betriebsabl\u00e4ufe<\/strong><br \/>\nWir arbeiten kontinuierlich daran, die Klimaauswirkungen unserer Gesch\u00e4ftst\u00e4tigkeit zu reduzieren und die Ressourceneffizienz durch digitale L\u00f6sungen zu verbessern. Unser Arbeitsplatz ist so gestaltet, dass er f\u00fcr alle Mitarbeitenden sicher, inklusiv und motivierend ist.<\/p>\n<p><strong>Eine nachhaltige Zukunft durch Innovation und Verantwortung gestalten<\/strong><br \/>\nUm diese Ziele zu erreichen, f\u00f6rdert Avanti nachhaltige Beziehungen \u2013 sowohl mit unseren Kunden als auch innerhalb unseres Unternehmens. Wir setzen uns f\u00fcr ein gesundes und motivierendes Arbeitsumfeld ein, das Top-Talente der Windbranche anzieht. Durch die kontinuierliche Messung der Mitarbeiterzufriedenheit und proaktives Handeln schaffen wir ein positives und dynamisches Umfeld, in dem Innovation gedeihen kann.<\/p>\n<p>Unser Engagement f\u00fcr Nachhaltigkeit zeigt sich ebenso in unserer Produktentwicklung und operativen Effizienz. Wir \u00fcberarbeiten unsere L\u00f6sungen unter Einsatz von wiederaufbereitetem Stahl und Aluminium, um die Abh\u00e4ngigkeit von Rohmaterialien zu reduzieren. Dar\u00fcber hinaus optimieren wir unsere Transportlogistik und minimieren unn\u00f6tige Reisen, um Emissionen weiter zu senken. Unser Abfallmanagementprogramm sorgt f\u00fcr minimale Abfallmengen und eine insgesamt geringere Umweltbelastung.<\/p>\n<p>Mit diesen Ma\u00dfnahmen stellen wir sicher, dass unsere L\u00f6sungen h\u00f6chsten Industriestandards entsprechen und gleichzeitig aktiv zu einer nachhaltigeren Zukunft beitragen.<\/p>\n<p>F\u00fcr weitere Informationen zu den Nachhaltigkeitsinitiativen von Avanti kontaktieren Sie bitte:<br \/>\n<a href=\"mailto:Info@avanti-online.com\">Info@avanti-online.com<br \/>\n<\/a><\/p>\n","protected":false},"excerpt":{"rendered":"<p>Nachhaltigkeit vorantreiben \u2013 f\u00fcr eine gr\u00fcnere Zukunft Bei Avanti setzen wir uns f\u00fcr den Aufbau einer nachhaltigeren Welt ein. Als verl\u00e4sslicher Partner unserer Kunden und Gesch\u00e4ftspartner streben wir danach, unsere Umweltbelastung zu minimieren und einen bedeutenden Wandel voranzutreiben. Als Teil der Alimak Group haben wir einen Nachhaltigkeitsrahmen entwickelt, der an den Zielen f\u00fcr nachhaltige Entwicklung der Vereinten Nationen (SDGs) ausgerichtet <a href=\"https:\/\/www.avanti-online.com\/de\/sustainability\/\" class=\"readmore\">Read the Rest&#8230;<\/a><\/p>\n","protected":false},"author":1,"featured_media":0,"parent":0,"menu_order":0,"comment_status":"closed","ping_status":"closed","template":"","meta":{"inline_featured_image":false,"footnotes":""},"class_list":["post-2129","page","type-page","status-publish","hentry"],"_links":{"self":[{"href":"https:\/\/www.avanti-online.com\/de\/wp-json\/wp\/v2\/pages\/2129","targetHints":{"allow":["GET"]}}],"collection":[{"href":"https:\/\/www.avanti-online.com\/de\/wp-json\/wp\/v2\/pages"}],"about":[{"href":"https:\/\/www.avanti-online.com\/de\/wp-json\/wp\/v2\/types\/page"}],"author":[{"embeddable":true,"href":"https:\/\/www.avanti-online.com\/de\/wp-json\/wp\/v2\/users\/1"}],"replies":[{"embeddable":true,"href":"https:\/\/www.avanti-online.com\/de\/wp-json\/wp\/v2\/comments?post=2129"}],"version-history":[{"count":1,"href":"https:\/\/www.avanti-online.com\/de\/wp-json\/wp\/v2\/pages\/2129\/revisions"}],"predecessor-version":[{"id":2234,"href":"https:\/\/www.avanti-online.com\/de\/wp-json\/wp\/v2\/pages\/2129\/revisions\/2234"}],"wp:attachment":[{"href":"https:\/\/www.avanti-online.com\/de\/wp-json\/wp\/v2\/media?parent=2129"}],"curies":[{"name":"wp","href":"https:\/\/api.w.org\/{rel}","templated":true}]}}