{"id":2131,"date":"2024-10-02T06:00:35","date_gmt":"2024-10-02T06:00:35","guid":{"rendered":"https:\/\/www.avanti-online.com\/service\/"},"modified":"2026-03-03T12:24:43","modified_gmt":"2026-03-03T12:24:43","slug":"service","status":"publish","type":"page","link":"https:\/\/www.avanti-online.com\/de\/service\/","title":{"rendered":"Servicel\u00f6sungen"},"content":{"rendered":"<h3><strong>Globale Ersatzteilversorgung und kompetenter Support<\/strong><\/h3>\n<p> Wir liefern weltweit Original-Ersatzteile von Avanti \u2013 \u00fcber den gesamten Lebenszyklus Ihrer Ausr\u00fcstung hinweg. Unsere hochmodernen Servicezentren sind mit qualifizierten Technikern besetzt, die den kompletten \u00dcberholungsprozess von der Bewertung \u00fcber die Installation bis hin zur Rezertifizierung durchf\u00fchren \u2013 und so sicherstellen, dass Ihre Ausr\u00fcstung jederzeit optimale Leistung erbringt.<\/p>\n","protected":false},"excerpt":{"rendered":"<p>Globale Ersatzteilversorgung und kompetenter Support Wir liefern weltweit Original-Ersatzteile von Avanti \u2013 \u00fcber den gesamten Lebenszyklus Ihrer Ausr\u00fcstung hinweg. Unsere hochmodernen Servicezentren sind mit qualifizierten Technikern besetzt, die den kompletten \u00dcberholungsprozess von der Bewertung \u00fcber die Installation bis hin zur Rezertifizierung durchf\u00fchren \u2013 und so sicherstellen, dass Ihre Ausr\u00fcstung jederzeit optimale Leistung erbringt.<\/p>\n","protected":false},"author":1,"featured_media":0,"parent":0,"menu_order":0,"comment_status":"closed","ping_status":"closed","template":"service.php","meta":{"inline_featured_image":false,"footnotes":""},"class_list":["post-2131","page","type-page","status-publish","hentry"],"_links":{"self":[{"href":"https:\/\/www.avanti-online.com\/de\/wp-json\/wp\/v2\/pages\/2131","targetHints":{"allow":["GET"]}}],"collection":[{"href":"https:\/\/www.avanti-online.com\/de\/wp-json\/wp\/v2\/pages"}],"about":[{"href":"https:\/\/www.avanti-online.com\/de\/wp-json\/wp\/v2\/types\/page"}],"author":[{"embeddable":true,"href":"https:\/\/www.avanti-online.com\/de\/wp-json\/wp\/v2\/users\/1"}],"replies":[{"embeddable":true,"href":"https:\/\/www.avanti-online.com\/de\/wp-json\/wp\/v2\/comments?post=2131"}],"version-history":[{"count":3,"href":"https:\/\/www.avanti-online.com\/de\/wp-json\/wp\/v2\/pages\/2131\/revisions"}],"predecessor-version":[{"id":2230,"href":"https:\/\/www.avanti-online.com\/de\/wp-json\/wp\/v2\/pages\/2131\/revisions\/2230"}],"wp:attachment":[{"href":"https:\/\/www.avanti-online.com\/de\/wp-json\/wp\/v2\/media?parent=2131"}],"curies":[{"name":"wp","href":"https:\/\/api.w.org\/{rel}","templated":true}]}}