{"id":2132,"date":"2024-10-04T06:56:59","date_gmt":"2024-10-04T06:56:59","guid":{"rendered":"https:\/\/www.avanti-online.com\/refurbishment\/"},"modified":"2026-03-03T12:33:33","modified_gmt":"2026-03-03T12:33:33","slug":"refurbishment","status":"publish","type":"page","link":"https:\/\/www.avanti-online.com\/de\/refurbishment\/","title":{"rendered":"Modernisierungsl\u00f6sungen"},"content":{"rendered":"<h1>Avanti Modernisierungsl\u00f6sungen<\/h1>\n<p>Unsere modernen Servicezentren verf\u00fcgen \u00fcber qualifizierte Techniker und spezialisierte Ressourcen, um den gesamten Modernisierungsprozess abzudecken \u2013 von der Analyse \u00fcber die Instandsetzung bis zur Installation und Re-Zertifizierung. Mit modernsten Ma\u00dfnahmen zur Lebensdauerverl\u00e4ngerung, gezielten Produkt-Upgrades und Originalersatzteilen stellen wir sicher, dass Ihre Anlage dauerhaft zuverl\u00e4ssig arbeitet und weiterhin ihre optimale Leistung erbringt.<\/p>\n","protected":false},"excerpt":{"rendered":"<p>Avanti Modernisierungsl\u00f6sungen Unsere modernen Servicezentren verf\u00fcgen \u00fcber qualifizierte Techniker und spezialisierte Ressourcen, um den gesamten Modernisierungsprozess abzudecken \u2013 von der Analyse \u00fcber die Instandsetzung bis zur Installation und Re-Zertifizierung. Mit modernsten Ma\u00dfnahmen zur Lebensdauerverl\u00e4ngerung, gezielten Produkt-Upgrades und Originalersatzteilen stellen wir sicher, dass Ihre Anlage dauerhaft zuverl\u00e4ssig arbeitet und weiterhin ihre optimale Leistung erbringt.<\/p>\n","protected":false},"author":1,"featured_media":0,"parent":0,"menu_order":0,"comment_status":"closed","ping_status":"closed","template":"refurbishment.php","meta":{"inline_featured_image":false,"footnotes":""},"class_list":["post-2132","page","type-page","status-publish","hentry"],"_links":{"self":[{"href":"https:\/\/www.avanti-online.com\/de\/wp-json\/wp\/v2\/pages\/2132","targetHints":{"allow":["GET"]}}],"collection":[{"href":"https:\/\/www.avanti-online.com\/de\/wp-json\/wp\/v2\/pages"}],"about":[{"href":"https:\/\/www.avanti-online.com\/de\/wp-json\/wp\/v2\/types\/page"}],"author":[{"embeddable":true,"href":"https:\/\/www.avanti-online.com\/de\/wp-json\/wp\/v2\/users\/1"}],"replies":[{"embeddable":true,"href":"https:\/\/www.avanti-online.com\/de\/wp-json\/wp\/v2\/comments?post=2132"}],"version-history":[{"count":2,"href":"https:\/\/www.avanti-online.com\/de\/wp-json\/wp\/v2\/pages\/2132\/revisions"}],"predecessor-version":[{"id":2233,"href":"https:\/\/www.avanti-online.com\/de\/wp-json\/wp\/v2\/pages\/2132\/revisions\/2233"}],"wp:attachment":[{"href":"https:\/\/www.avanti-online.com\/de\/wp-json\/wp\/v2\/media?parent=2132"}],"curies":[{"name":"wp","href":"https:\/\/api.w.org\/{rel}","templated":true}]}}