{"id":2135,"date":"2025-02-26T06:46:18","date_gmt":"2025-02-26T06:46:18","guid":{"rendered":"https:\/\/www.avanti-online.com\/fall-protection-system\/"},"modified":"2026-03-03T11:05:50","modified_gmt":"2026-03-03T11:05:50","slug":"fall-protection-system","status":"publish","type":"page","link":"https:\/\/www.avanti-online.com\/de\/produkte\/fall-protection-system\/","title":{"rendered":"Fallschutzsysteme"},"content":{"rendered":"<h2>Wie funktioniert es?<\/h2>\n<p> Das Avanti-Absturzsicherungssystem basiert auf einem mitlaufenden Auffangger\u00e4t (\u201eRunner\u201c), das der Techniker vorne an seinem zugelassenen Ganzk\u00f6rpergurt befestigt \u2013 mithilfe des integrierten Falld\u00e4mpfers und eines Karabiners.<\/p>\n<p>Der Runner wird auf die Sicherheitsschiene aufgesetzt und folgt dem Benutzer sowohl nach oben als auch nach unten. Verliert der Techniker den sicheren Halt oder f\u00fchlt sich unwohl, blockiert der Runner sofort, verhindert einen Sturz und begrenzt die auftretende Aufprallkraft.<\/p>\n<p>Der Runner kann an jeder beliebigen Stelle der Sicherheitsschiene angebracht und wieder abgenommen werden. Dadurch k\u00f6nnen mehrere Personen gleichzeitig steigen, ohne warten zu m\u00fcssen. Techniker k\u00f6nnen sich alle 6 Meter mit dem Schienensystem verbinden.<\/p>\n","protected":false},"excerpt":{"rendered":"<p>Wie funktioniert es? Das Avanti-Absturzsicherungssystem basiert auf einem mitlaufenden Auffangger\u00e4t (\u201eRunner\u201c), das der Techniker vorne an seinem zugelassenen Ganzk\u00f6rpergurt befestigt \u2013 mithilfe des integrierten Falld\u00e4mpfers und eines Karabiners. Der Runner wird auf die Sicherheitsschiene aufgesetzt und folgt dem Benutzer sowohl nach oben als auch nach unten. Verliert der Techniker den sicheren Halt oder f\u00fchlt sich unwohl, blockiert der Runner sofort, <a href=\"https:\/\/www.avanti-online.com\/de\/produkte\/fall-protection-system\/\" class=\"readmore\">Read the Rest&#8230;<\/a><\/p>\n","protected":false},"author":1,"featured_media":0,"parent":2138,"menu_order":0,"comment_status":"closed","ping_status":"closed","template":"product_details.php","meta":{"inline_featured_image":false,"footnotes":""},"class_list":["post-2135","page","type-page","status-publish","hentry"],"_links":{"self":[{"href":"https:\/\/www.avanti-online.com\/de\/wp-json\/wp\/v2\/pages\/2135","targetHints":{"allow":["GET"]}}],"collection":[{"href":"https:\/\/www.avanti-online.com\/de\/wp-json\/wp\/v2\/pages"}],"about":[{"href":"https:\/\/www.avanti-online.com\/de\/wp-json\/wp\/v2\/types\/page"}],"author":[{"embeddable":true,"href":"https:\/\/www.avanti-online.com\/de\/wp-json\/wp\/v2\/users\/1"}],"replies":[{"embeddable":true,"href":"https:\/\/www.avanti-online.com\/de\/wp-json\/wp\/v2\/comments?post=2135"}],"version-history":[{"count":2,"href":"https:\/\/www.avanti-online.com\/de\/wp-json\/wp\/v2\/pages\/2135\/revisions"}],"predecessor-version":[{"id":2221,"href":"https:\/\/www.avanti-online.com\/de\/wp-json\/wp\/v2\/pages\/2135\/revisions\/2221"}],"up":[{"embeddable":true,"href":"https:\/\/www.avanti-online.com\/de\/wp-json\/wp\/v2\/pages\/2138"}],"wp:attachment":[{"href":"https:\/\/www.avanti-online.com\/de\/wp-json\/wp\/v2\/media?parent=2135"}],"curies":[{"name":"wp","href":"https:\/\/api.w.org\/{rel}","templated":true}]}}