{"id":2094,"date":"2025-07-30T06:10:27","date_gmt":"2025-07-30T06:10:27","guid":{"rendered":"https:\/\/www.avanti-online.com\/avanti-academy\/"},"modified":"2026-02-26T12:02:37","modified_gmt":"2026-02-26T12:02:37","slug":"avanti-academy","status":"publish","type":"page","link":"https:\/\/www.avanti-online.com\/es\/avanti-academy\/","title":{"rendered":"Avanti Academy"},"content":{"rendered":"<h1>App Avanti Academy<\/h1>\n<p>La app Avanti Academy te da acceso autom\u00e1ticamente a tus certificados v\u00e1lidos y documentaci\u00f3n de Avanti. Tambi\u00e9n puedes subir y gestionar documentos externos junto con tus credenciales Avanti y compartir o enviar cada certificado por correo electr\u00f3nico directamente desde tu dispositivo para facilitar el acceso a los aerogeneradores o cuando se necesiten certificaciones.<br \/>\nLa aplicaci\u00f3n ofrece recordatorios antes de que expiren los certificados y acceso a materiales del curso en cualquier momento: sencillo, directo y todo en un solo lugar.<\/p>\n","protected":false},"excerpt":{"rendered":"<p>App Avanti Academy La app Avanti Academy te da acceso autom\u00e1ticamente a tus certificados v\u00e1lidos y documentaci\u00f3n de Avanti. Tambi\u00e9n puedes subir y gestionar documentos externos junto con tus credenciales Avanti y compartir o enviar cada certificado por correo electr\u00f3nico directamente desde tu dispositivo para facilitar el acceso a los aerogeneradores o cuando se necesiten certificaciones. La aplicaci\u00f3n ofrece recordatorios <a href=\"https:\/\/www.avanti-online.com\/es\/avanti-academy\/\" class=\"readmore\">Read the Rest&#8230;<\/a><\/p>\n","protected":false},"author":1,"featured_media":0,"parent":0,"menu_order":0,"comment_status":"closed","ping_status":"closed","template":"refurbishment.php","meta":{"inline_featured_image":false,"footnotes":""},"class_list":["post-2094","page","type-page","status-publish","hentry"],"_links":{"self":[{"href":"https:\/\/www.avanti-online.com\/es\/wp-json\/wp\/v2\/pages\/2094","targetHints":{"allow":["GET"]}}],"collection":[{"href":"https:\/\/www.avanti-online.com\/es\/wp-json\/wp\/v2\/pages"}],"about":[{"href":"https:\/\/www.avanti-online.com\/es\/wp-json\/wp\/v2\/types\/page"}],"author":[{"embeddable":true,"href":"https:\/\/www.avanti-online.com\/es\/wp-json\/wp\/v2\/users\/1"}],"replies":[{"embeddable":true,"href":"https:\/\/www.avanti-online.com\/es\/wp-json\/wp\/v2\/comments?post=2094"}],"version-history":[{"count":1,"href":"https:\/\/www.avanti-online.com\/es\/wp-json\/wp\/v2\/pages\/2094\/revisions"}],"predecessor-version":[{"id":2149,"href":"https:\/\/www.avanti-online.com\/es\/wp-json\/wp\/v2\/pages\/2094\/revisions\/2149"}],"wp:attachment":[{"href":"https:\/\/www.avanti-online.com\/es\/wp-json\/wp\/v2\/media?parent=2094"}],"curies":[{"name":"wp","href":"https:\/\/api.w.org\/{rel}","templated":true}]}}