{"id":2095,"date":"2025-02-19T11:57:46","date_gmt":"2025-02-19T11:57:46","guid":{"rendered":"https:\/\/www.avanti-online.com\/empleo\/"},"modified":"2026-02-26T12:17:23","modified_gmt":"2026-02-26T12:17:23","slug":"empleo","status":"publish","type":"page","link":"https:\/\/www.avanti-online.com\/es\/empleo\/","title":{"rendered":"Empleo"},"content":{"rendered":"<h1><strong>La seguridad y la sostenibilidad nos definen en Avanti<\/strong><\/h1>\n<p>En Avanti, parte del Grupo Alimak, la seguridad y la sostenibilidad son la base de nuestra visi\u00f3n para un futuro renovable. Avanti impulsa la innovaci\u00f3n, fomenta la colaboraci\u00f3n en un entorno diverso y fomenta el crecimiento profesional para que podamos alcanzar nuevas cotas juntos. Crear un futuro sostenible requiere un equipo comprometido, por eso estamos comprometidos a atraer al mejor talento.<\/p>\n<p>Buscamos personas que nos ayuden a encontrar soluciones que ayuden a nuestros clientes y al mundo a convertirse en un mundo m\u00e1s seguro y sostenible. Ya sea que desarrolles un nuevo producto, optimizes costes, satisfagas las necesidades de nuestros clientes o subas torres de aerogeneradores para inspeccionar un ascensor Avanti, siempre nos esforzamos por alcanzar nuevas cotas juntos.<\/p>\n","protected":false},"excerpt":{"rendered":"<p>La seguridad y la sostenibilidad nos definen en Avanti En Avanti, parte del Grupo Alimak, la seguridad y la sostenibilidad son la base de nuestra visi\u00f3n para un futuro renovable. Avanti impulsa la innovaci\u00f3n, fomenta la colaboraci\u00f3n en un entorno diverso y fomenta el crecimiento profesional para que podamos alcanzar nuevas cotas juntos. Crear un futuro sostenible requiere un equipo <a href=\"https:\/\/www.avanti-online.com\/es\/empleo\/\" class=\"readmore\">Read the Rest&#8230;<\/a><\/p>\n","protected":false},"author":1,"featured_media":0,"parent":0,"menu_order":0,"comment_status":"closed","ping_status":"closed","template":"careers.php","meta":{"inline_featured_image":false,"footnotes":""},"class_list":["post-2095","page","type-page","status-publish","hentry"],"_links":{"self":[{"href":"https:\/\/www.avanti-online.com\/es\/wp-json\/wp\/v2\/pages\/2095","targetHints":{"allow":["GET"]}}],"collection":[{"href":"https:\/\/www.avanti-online.com\/es\/wp-json\/wp\/v2\/pages"}],"about":[{"href":"https:\/\/www.avanti-online.com\/es\/wp-json\/wp\/v2\/types\/page"}],"author":[{"embeddable":true,"href":"https:\/\/www.avanti-online.com\/es\/wp-json\/wp\/v2\/users\/1"}],"replies":[{"embeddable":true,"href":"https:\/\/www.avanti-online.com\/es\/wp-json\/wp\/v2\/comments?post=2095"}],"version-history":[{"count":2,"href":"https:\/\/www.avanti-online.com\/es\/wp-json\/wp\/v2\/pages\/2095\/revisions"}],"predecessor-version":[{"id":2154,"href":"https:\/\/www.avanti-online.com\/es\/wp-json\/wp\/v2\/pages\/2095\/revisions\/2154"}],"wp:attachment":[{"href":"https:\/\/www.avanti-online.com\/es\/wp-json\/wp\/v2\/media?parent=2095"}],"curies":[{"name":"wp","href":"https:\/\/api.w.org\/{rel}","templated":true}]}}