{"id":2107,"date":"2025-02-26T06:47:16","date_gmt":"2025-02-26T06:47:16","guid":{"rendered":"https:\/\/www.avanti-online.com\/productos\/asistencia-de-ascenso\/"},"modified":"2026-03-03T07:13:57","modified_gmt":"2026-03-03T07:13:57","slug":"ayuda-a-la-ascension","status":"publish","type":"page","link":"https:\/\/www.avanti-online.com\/es\/productos\/ayuda-a-la-ascension\/","title":{"rendered":"Ayuda a la ascensi\u00f3n"},"content":{"rendered":"<p><strong>\u00bfC\u00f3mo funciona?<br \/>\n<\/strong>El Sistema de Ayuda a la ascensi\u00f3n Avanti funciona con una cuerda continua que recorre la escalera. Una unidad de motriz instalada en la parte inferior garantiza una fuerza de tracci\u00f3n constante, ajustable entre 35 kg y 45 kg. Cuando el t\u00e9cnico se conecta a la cuerda con una mordaza y tira de ella suavemente, el dispositivo reduce el peso preseleccionado durante el ascenso. Cuando el t\u00e9cnico se detiene, el sistema se detiene autom\u00e1ticamente y reanuda con un suave tir\u00f3n de la cuerda. El usuario puede subir a su propio ritmo, ya sea lento o r\u00e1pido.<\/p>\n","protected":false},"excerpt":{"rendered":"<p>\u00bfC\u00f3mo funciona? El Sistema de Ayuda a la ascensi\u00f3n Avanti funciona con una cuerda continua que recorre la escalera. Una unidad de motriz instalada en la parte inferior garantiza una fuerza de tracci\u00f3n constante, ajustable entre 35 kg y 45 kg. Cuando el t\u00e9cnico se conecta a la cuerda con una mordaza y tira de ella suavemente, el dispositivo reduce <a href=\"https:\/\/www.avanti-online.com\/es\/productos\/ayuda-a-la-ascension\/\" class=\"readmore\">Read the Rest&#8230;<\/a><\/p>\n","protected":false},"author":1,"featured_media":0,"parent":2102,"menu_order":0,"comment_status":"closed","ping_status":"closed","template":"product_details.php","meta":{"inline_featured_image":false,"footnotes":""},"class_list":["post-2107","page","type-page","status-publish","hentry"],"_links":{"self":[{"href":"https:\/\/www.avanti-online.com\/es\/wp-json\/wp\/v2\/pages\/2107","targetHints":{"allow":["GET"]}}],"collection":[{"href":"https:\/\/www.avanti-online.com\/es\/wp-json\/wp\/v2\/pages"}],"about":[{"href":"https:\/\/www.avanti-online.com\/es\/wp-json\/wp\/v2\/types\/page"}],"author":[{"embeddable":true,"href":"https:\/\/www.avanti-online.com\/es\/wp-json\/wp\/v2\/users\/1"}],"replies":[{"embeddable":true,"href":"https:\/\/www.avanti-online.com\/es\/wp-json\/wp\/v2\/comments?post=2107"}],"version-history":[{"count":2,"href":"https:\/\/www.avanti-online.com\/es\/wp-json\/wp\/v2\/pages\/2107\/revisions"}],"predecessor-version":[{"id":2192,"href":"https:\/\/www.avanti-online.com\/es\/wp-json\/wp\/v2\/pages\/2107\/revisions\/2192"}],"up":[{"embeddable":true,"href":"https:\/\/www.avanti-online.com\/es\/wp-json\/wp\/v2\/pages\/2102"}],"wp:attachment":[{"href":"https:\/\/www.avanti-online.com\/es\/wp-json\/wp\/v2\/media?parent=2107"}],"curies":[{"name":"wp","href":"https:\/\/api.w.org\/{rel}","templated":true}]}}