{"id":2108,"date":"2024-10-04T06:57:26","date_gmt":"2024-10-04T06:57:26","guid":{"rendered":"https:\/\/www.avanti-online.com\/sustainability\/"},"modified":"2026-03-09T06:12:27","modified_gmt":"2026-03-09T06:12:27","slug":"sostenibilidad","status":"publish","type":"page","link":"https:\/\/www.avanti-online.com\/es\/sostenibilidad\/","title":{"rendered":"Sostenibilidad"},"content":{"rendered":"<h1>Impulsando la sostenibilidad para un futuro m\u00e1s ecol\u00f3gico<\/h1>\n<p>En Avanti, estamos comprometidos con construir un mundo m\u00e1s sostenible. Como socios de confianza para nuestros clientes y socios comerciales, nos esforzamos por minimizar nuestro impacto ambiental y promover cambios significativos.<\/p>\n<p>Como parte del Grupo Alimak, hemos desarrollado un marco de sostenibilidad alineado con los Objetivos de Desarrollo Sostenible de las Naciones Unidas. Esto garantiza que trabajemos conscientemente hacia nuestro ambicioso objetivo: reducir nuestra huella de carbono total en un 50% a lo largo de toda la cadena de valor para 2030.<\/p>\n<p><strong>Relaciones sostenibles<\/strong><br \/>\nEstamos trabajando para minimizar el impacto clim\u00e1tico en todas nuestras operaciones y mejorar la eficiencia de los recursos mediante soluciones digitales. Nuestro lugar de trabajo est\u00e1 dise\u00f1ado para ser seguro, inclusivo y atractivo para todos los empleados.<\/p>\n<p><strong>Soluciones sostenibles<\/strong><br \/>\nConstruyendo un futuro sostenible a trav\u00e9s de la innovaci\u00f3n y la responsabilidad<br \/>\nPara alcanzar estos objetivos, Avanti se compromete a fomentar relaciones sostenibles tanto con nuestros clientes como dentro de nuestra organizaci\u00f3n.<br \/>\nNos esforzamos por mantener un entorno laboral saludable y atractivo que atraiga al mejor talento de la industria e\u00f3lica. Al medir continuamente el compromiso de los empleados y actuar de forma proactiva, creamos un entorno laboral positivo y din\u00e1mico donde la innovaci\u00f3n prospera. <\/p>\n<p><strong>Operaciones sostenibles<\/strong><br \/>\nNuestro compromiso con la sostenibilidad tambi\u00e9n se refleja en la innovaci\u00f3n de nuestros productos y en la eficiencia operativa. Estamos redise\u00f1ando nuestras soluciones con materiales reciclados, reduciendo nuestra dependencia de materias primas. Tambi\u00e9n estamos optimizando la log\u00edstica del transporte y minimizando los viajes innecesarios para reducir a\u00fan m\u00e1s las emisiones. Nuestro programa de gesti\u00f3n de residuos garantiza el m\u00ednimo de residuos y una huella ambiental global reducida.<br \/>\n&nbsp;<\/p>\n<p>A trav\u00e9s de estas iniciativas, garantizamos que nuestras soluciones cumplan con los m\u00e1s altos est\u00e1ndares del sector mientras contribuyen activamente a un futuro m\u00e1s sostenible.<\/p>\n<p><a href=\"mailto:Info@avanti-online.com\">Para m\u00e1s informaci\u00f3n sobre las iniciativas sostenibles de Avanti, por favor contacte con: Info@avanti-online.com<\/a><\/p>\n","protected":false},"excerpt":{"rendered":"<p>Impulsando la sostenibilidad para un futuro m\u00e1s ecol\u00f3gico En Avanti, estamos comprometidos con construir un mundo m\u00e1s sostenible. Como socios de confianza para nuestros clientes y socios comerciales, nos esforzamos por minimizar nuestro impacto ambiental y promover cambios significativos. Como parte del Grupo Alimak, hemos desarrollado un marco de sostenibilidad alineado con los Objetivos de Desarrollo Sostenible de las Naciones <a href=\"https:\/\/www.avanti-online.com\/es\/sostenibilidad\/\" class=\"readmore\">Read the Rest&#8230;<\/a><\/p>\n","protected":false},"author":1,"featured_media":0,"parent":0,"menu_order":0,"comment_status":"closed","ping_status":"closed","template":"","meta":{"inline_featured_image":false,"footnotes":""},"class_list":["post-2108","page","type-page","status-publish","hentry"],"_links":{"self":[{"href":"https:\/\/www.avanti-online.com\/es\/wp-json\/wp\/v2\/pages\/2108","targetHints":{"allow":["GET"]}}],"collection":[{"href":"https:\/\/www.avanti-online.com\/es\/wp-json\/wp\/v2\/pages"}],"about":[{"href":"https:\/\/www.avanti-online.com\/es\/wp-json\/wp\/v2\/types\/page"}],"author":[{"embeddable":true,"href":"https:\/\/www.avanti-online.com\/es\/wp-json\/wp\/v2\/users\/1"}],"replies":[{"embeddable":true,"href":"https:\/\/www.avanti-online.com\/es\/wp-json\/wp\/v2\/comments?post=2108"}],"version-history":[{"count":3,"href":"https:\/\/www.avanti-online.com\/es\/wp-json\/wp\/v2\/pages\/2108\/revisions"}],"predecessor-version":[{"id":2241,"href":"https:\/\/www.avanti-online.com\/es\/wp-json\/wp\/v2\/pages\/2108\/revisions\/2241"}],"wp:attachment":[{"href":"https:\/\/www.avanti-online.com\/es\/wp-json\/wp\/v2\/media?parent=2108"}],"curies":[{"name":"wp","href":"https:\/\/api.w.org\/{rel}","templated":true}]}}