{"id":2109,"date":"2024-10-02T06:00:35","date_gmt":"2024-10-02T06:00:35","guid":{"rendered":"https:\/\/www.avanti-online.com\/servicio\/"},"modified":"2026-03-03T10:02:12","modified_gmt":"2026-03-03T10:02:12","slug":"servicio","status":"publish","type":"page","link":"https:\/\/www.avanti-online.com\/es\/servicio\/","title":{"rendered":"Servicio"},"content":{"rendered":"<h3><strong>Suministro global de piezas y soporte experto<\/strong><\/h3>\n<p>Suministramos piezas originales Avanti en todo el mundo, en cada etapa del ciclo de vida del equipo. Nuestros centros de servicio de \u00faltima generaci\u00f3n cuentan con t\u00e9cnicos cualificados que se encargan de todo el proceso de reacondicionamiento, desde la evaluaci\u00f3n hasta la instalaci\u00f3n y la recertificaci\u00f3n, para que tu equipo rinda al m\u00e1ximo. <\/p>\n","protected":false},"excerpt":{"rendered":"<p>Suministro global de piezas y soporte experto Suministramos piezas originales Avanti en todo el mundo, en cada etapa del ciclo de vida del equipo. Nuestros centros de servicio de \u00faltima generaci\u00f3n cuentan con t\u00e9cnicos cualificados que se encargan de todo el proceso de reacondicionamiento, desde la evaluaci\u00f3n hasta la instalaci\u00f3n y la recertificaci\u00f3n, para que tu equipo rinda al m\u00e1ximo.<\/p>\n","protected":false},"author":1,"featured_media":0,"parent":0,"menu_order":0,"comment_status":"closed","ping_status":"closed","template":"service.php","meta":{"inline_featured_image":false,"footnotes":""},"class_list":["post-2109","page","type-page","status-publish","hentry"],"_links":{"self":[{"href":"https:\/\/www.avanti-online.com\/es\/wp-json\/wp\/v2\/pages\/2109","targetHints":{"allow":["GET"]}}],"collection":[{"href":"https:\/\/www.avanti-online.com\/es\/wp-json\/wp\/v2\/pages"}],"about":[{"href":"https:\/\/www.avanti-online.com\/es\/wp-json\/wp\/v2\/types\/page"}],"author":[{"embeddable":true,"href":"https:\/\/www.avanti-online.com\/es\/wp-json\/wp\/v2\/users\/1"}],"replies":[{"embeddable":true,"href":"https:\/\/www.avanti-online.com\/es\/wp-json\/wp\/v2\/comments?post=2109"}],"version-history":[{"count":1,"href":"https:\/\/www.avanti-online.com\/es\/wp-json\/wp\/v2\/pages\/2109\/revisions"}],"predecessor-version":[{"id":2203,"href":"https:\/\/www.avanti-online.com\/es\/wp-json\/wp\/v2\/pages\/2109\/revisions\/2203"}],"wp:attachment":[{"href":"https:\/\/www.avanti-online.com\/es\/wp-json\/wp\/v2\/media?parent=2109"}],"curies":[{"name":"wp","href":"https:\/\/api.w.org\/{rel}","templated":true}]}}