{"id":2028,"date":"2025-07-30T06:10:27","date_gmt":"2025-07-30T06:10:27","guid":{"rendered":"https:\/\/p74.plusaim.co.uk\/newprojects\/avanti\/avanti-academy\/"},"modified":"2026-02-26T09:05:38","modified_gmt":"2026-02-26T09:05:38","slug":"avanti-academy","status":"publish","type":"page","link":"https:\/\/www.avanti-online.com\/pt-br\/avanti-academy\/","title":{"rendered":"Avanti Academy"},"content":{"rendered":"<h1>Avanti Academy App<\/h1>\n<p>O aplicativo Avanti Academy automaticamente d\u00e1 acesso aos seus certificados v\u00e1lidos e anexos recebidos da Avanti. Voc\u00ea tamb\u00e9m pode enviar e gerenciar documentos externos junto com suas credenciais Avanti e compartilhar ou enviar cada certificado diretamente do seu dispositivo para f\u00e1cil acesso \u00e0s turbinas ou quando certifica\u00e7\u00f5es forem necess\u00e1rias. O aplicativo oferece lembretes de fluxo oportunos e acesso a materiais do curso a qualquer momento: simples, diretos e tudo em um s\u00f3 lugar.<\/p>\n","protected":false},"excerpt":{"rendered":"<p>Avanti Academy App O aplicativo Avanti Academy automaticamente d\u00e1 acesso aos seus certificados v\u00e1lidos e anexos recebidos da Avanti. Voc\u00ea tamb\u00e9m pode enviar e gerenciar documentos externos junto com suas credenciais Avanti e compartilhar ou enviar cada certificado diretamente do seu dispositivo para f\u00e1cil acesso \u00e0s turbinas ou quando certifica\u00e7\u00f5es forem necess\u00e1rias. O aplicativo oferece lembretes de fluxo oportunos e <a href=\"https:\/\/www.avanti-online.com\/pt-br\/avanti-academy\/\" class=\"readmore\">Read the Rest&#8230;<\/a><\/p>\n","protected":false},"author":1,"featured_media":0,"parent":0,"menu_order":0,"comment_status":"closed","ping_status":"closed","template":"refurbishment.php","meta":{"inline_featured_image":false,"footnotes":""},"class_list":["post-2028","page","type-page","status-publish","hentry"],"_links":{"self":[{"href":"https:\/\/www.avanti-online.com\/pt-br\/wp-json\/wp\/v2\/pages\/2028","targetHints":{"allow":["GET"]}}],"collection":[{"href":"https:\/\/www.avanti-online.com\/pt-br\/wp-json\/wp\/v2\/pages"}],"about":[{"href":"https:\/\/www.avanti-online.com\/pt-br\/wp-json\/wp\/v2\/types\/page"}],"author":[{"embeddable":true,"href":"https:\/\/www.avanti-online.com\/pt-br\/wp-json\/wp\/v2\/users\/1"}],"replies":[{"embeddable":true,"href":"https:\/\/www.avanti-online.com\/pt-br\/wp-json\/wp\/v2\/comments?post=2028"}],"version-history":[{"count":1,"href":"https:\/\/www.avanti-online.com\/pt-br\/wp-json\/wp\/v2\/pages\/2028\/revisions"}],"predecessor-version":[{"id":2072,"href":"https:\/\/www.avanti-online.com\/pt-br\/wp-json\/wp\/v2\/pages\/2028\/revisions\/2072"}],"wp:attachment":[{"href":"https:\/\/www.avanti-online.com\/pt-br\/wp-json\/wp\/v2\/media?parent=2028"}],"curies":[{"name":"wp","href":"https:\/\/api.w.org\/{rel}","templated":true}]}}