{"id":2029,"date":"2025-02-19T11:57:46","date_gmt":"2025-02-19T11:57:46","guid":{"rendered":"https:\/\/p74.plusaim.co.uk\/newprojects\/avanti\/carreira\/"},"modified":"2026-02-26T12:19:05","modified_gmt":"2026-02-26T12:19:05","slug":"carreira","status":"publish","type":"page","link":"https:\/\/www.avanti-online.com\/pt-br\/carreira\/","title":{"rendered":"Carreira"},"content":{"rendered":"<h1><strong>Seguran\u00e7a e sustentabilidade nos definem na Avanti<\/strong><\/h1>\n<p>Avanti, parte do Grupo Alimak, seguran\u00e7a e sustentabilidade est\u00e3o no centro da nossa vis\u00e3o para um futuro renov\u00e1vel. Isso impulsiona nossa busca pela inova\u00e7\u00e3o, incentiva a colabora\u00e7\u00e3o em um ambiente diversificado e incentiva o crescimento profissional para que possamos alcan\u00e7ar novos patamares juntos. Criar um futuro sustent\u00e1vel exige uma equipe dedicada, por isso estamos comprometidos em atrair os melhores talentos.  <\/p>\n<p>Estamos buscando pessoas que nos ajudem a encontrar solu\u00e7\u00f5es que ajudem nossos clientes e o mundo a se tornarem um mundo mais seguro e sustent\u00e1vel. Seja desenvolvendo um novo produto, otimizando custos, atendendo \u00e0s necessidades dos nossos clientes ou subindo torres de turbinas e\u00f3licas para inspecionar um elevador Avanti, estamos sempre buscando alcan\u00e7ar novos patamares juntos. <\/p>\n","protected":false},"excerpt":{"rendered":"<p>Seguran\u00e7a e sustentabilidade nos definem na Avanti Avanti, parte do Grupo Alimak, seguran\u00e7a e sustentabilidade est\u00e3o no centro da nossa vis\u00e3o para um futuro renov\u00e1vel. Isso impulsiona nossa busca pela inova\u00e7\u00e3o, incentiva a colabora\u00e7\u00e3o em um ambiente diversificado e incentiva o crescimento profissional para que possamos alcan\u00e7ar novos patamares juntos. Criar um futuro sustent\u00e1vel exige uma equipe dedicada, por isso <a href=\"https:\/\/www.avanti-online.com\/pt-br\/carreira\/\" class=\"readmore\">Read the Rest&#8230;<\/a><\/p>\n","protected":false},"author":1,"featured_media":0,"parent":0,"menu_order":0,"comment_status":"closed","ping_status":"closed","template":"careers.php","meta":{"inline_featured_image":false,"footnotes":""},"class_list":["post-2029","page","type-page","status-publish","hentry"],"_links":{"self":[{"href":"https:\/\/www.avanti-online.com\/pt-br\/wp-json\/wp\/v2\/pages\/2029","targetHints":{"allow":["GET"]}}],"collection":[{"href":"https:\/\/www.avanti-online.com\/pt-br\/wp-json\/wp\/v2\/pages"}],"about":[{"href":"https:\/\/www.avanti-online.com\/pt-br\/wp-json\/wp\/v2\/types\/page"}],"author":[{"embeddable":true,"href":"https:\/\/www.avanti-online.com\/pt-br\/wp-json\/wp\/v2\/users\/1"}],"replies":[{"embeddable":true,"href":"https:\/\/www.avanti-online.com\/pt-br\/wp-json\/wp\/v2\/comments?post=2029"}],"version-history":[{"count":1,"href":"https:\/\/www.avanti-online.com\/pt-br\/wp-json\/wp\/v2\/pages\/2029\/revisions"}],"predecessor-version":[{"id":2091,"href":"https:\/\/www.avanti-online.com\/pt-br\/wp-json\/wp\/v2\/pages\/2029\/revisions\/2091"}],"wp:attachment":[{"href":"https:\/\/www.avanti-online.com\/pt-br\/wp-json\/wp\/v2\/media?parent=2029"}],"curies":[{"name":"wp","href":"https:\/\/api.w.org\/{rel}","templated":true}]}}