{"id":2036,"date":"2025-02-26T06:46:18","date_gmt":"2025-02-26T06:46:18","guid":{"rendered":"https:\/\/p74.plusaim.co.uk\/newprojects\/avanti\/produtos\/sistema-de-protecao-contra-quedas-avanti\/"},"modified":"2026-02-26T07:45:58","modified_gmt":"2026-02-26T07:45:58","slug":"fps","status":"publish","type":"page","link":"https:\/\/www.avanti-online.com\/pt-br\/produtos\/fps\/","title":{"rendered":"FPS"},"content":{"rendered":"<h2>Como funciona?<\/h2>\n<p>O sistema de prote\u00e7\u00e3o contra quedas Avanti \u00e9 baseado em um dispositivo de prote\u00e7\u00e3o contra quedas, cujo cano o t\u00e9cnico fixa na frente de seu chicote de corpo inteiro aprovado usando o amortecedor e mosquet\u00e3o integrados.<\/p>\n<p>O corretor deve clicar no corrim\u00e3o de seguran\u00e7a e acompanhar o usu\u00e1rio de cima a baixo. Se o t\u00e9cnico n\u00e3o receber um chute adequado ou se sentir desconfort\u00e1vel, o corredor trava imediatamente, evitando uma queda e limitando a for\u00e7a do impacto.<\/p>\n<p>O rolo pode ser fixado e desmontado de qualquer posi\u00e7\u00e3o no corrim\u00e3o de seguran\u00e7a, permitindo que v\u00e1rios usu\u00e1rios subam ao mesmo tempo sem precisar esperar. T\u00e9cnicos podem se conectar ao sistema ferrovi\u00e1rio a cada 6 metros.<\/p>\n","protected":false},"excerpt":{"rendered":"<p>Como funciona? O sistema de prote\u00e7\u00e3o contra quedas Avanti \u00e9 baseado em um dispositivo de prote\u00e7\u00e3o contra quedas, cujo cano o t\u00e9cnico fixa na frente de seu chicote de corpo inteiro aprovado usando o amortecedor e mosquet\u00e3o integrados. O corretor deve clicar no corrim\u00e3o de seguran\u00e7a e acompanhar o usu\u00e1rio de cima a baixo. Se o t\u00e9cnico n\u00e3o receber um <a href=\"https:\/\/www.avanti-online.com\/pt-br\/produtos\/fps\/\" class=\"readmore\">Read the Rest&#8230;<\/a><\/p>\n","protected":false},"author":1,"featured_media":0,"parent":2033,"menu_order":0,"comment_status":"closed","ping_status":"closed","template":"product_details.php","meta":{"inline_featured_image":false,"footnotes":""},"class_list":["post-2036","page","type-page","status-publish","hentry"],"_links":{"self":[{"href":"https:\/\/www.avanti-online.com\/pt-br\/wp-json\/wp\/v2\/pages\/2036","targetHints":{"allow":["GET"]}}],"collection":[{"href":"https:\/\/www.avanti-online.com\/pt-br\/wp-json\/wp\/v2\/pages"}],"about":[{"href":"https:\/\/www.avanti-online.com\/pt-br\/wp-json\/wp\/v2\/types\/page"}],"author":[{"embeddable":true,"href":"https:\/\/www.avanti-online.com\/pt-br\/wp-json\/wp\/v2\/users\/1"}],"replies":[{"embeddable":true,"href":"https:\/\/www.avanti-online.com\/pt-br\/wp-json\/wp\/v2\/comments?post=2036"}],"version-history":[{"count":2,"href":"https:\/\/www.avanti-online.com\/pt-br\/wp-json\/wp\/v2\/pages\/2036\/revisions"}],"predecessor-version":[{"id":2081,"href":"https:\/\/www.avanti-online.com\/pt-br\/wp-json\/wp\/v2\/pages\/2036\/revisions\/2081"}],"up":[{"embeddable":true,"href":"https:\/\/www.avanti-online.com\/pt-br\/wp-json\/wp\/v2\/pages\/2033"}],"wp:attachment":[{"href":"https:\/\/www.avanti-online.com\/pt-br\/wp-json\/wp\/v2\/media?parent=2036"}],"curies":[{"name":"wp","href":"https:\/\/api.w.org\/{rel}","templated":true}]}}