{"id":2037,"date":"2025-02-26T06:45:31","date_gmt":"2025-02-26T06:45:31","guid":{"rendered":"https:\/\/p74.plusaim.co.uk\/newprojects\/avanti\/produtos\/lideres\/"},"modified":"2026-02-26T08:05:37","modified_gmt":"2026-02-26T08:05:37","slug":"escadas","status":"publish","type":"page","link":"https:\/\/www.avanti-online.com\/pt-br\/produtos\/escadas\/","title":{"rendered":"Escadas"},"content":{"rendered":"<p data-start=\"0\" data-end=\"53\"><strong data-start=\"0\" data-end=\"53\">Seguran\u00e7a e for\u00e7a inabal\u00e1veis<\/strong><\/p>\n<p>A escada de seguran\u00e7a Avanti \u00e9 uma estrutura robusta e segura, cuidadosamente projetada para alcan\u00e7ar resist\u00eancia \u00f3tima tanto nos postes quanto nos degraus. As escadas de seguran\u00e7a Avanti s\u00e3o f\u00e1ceis de instalar em f\u00e1bricas de torres e conectam escadas sucessivas de diferentes se\u00e7\u00f5es da torre.<\/p>\n<p>&nbsp;<\/p>\n","protected":false},"excerpt":{"rendered":"<p>Seguran\u00e7a e for\u00e7a inabal\u00e1veis A escada de seguran\u00e7a Avanti \u00e9 uma estrutura robusta e segura, cuidadosamente projetada para alcan\u00e7ar resist\u00eancia \u00f3tima tanto nos postes quanto nos degraus. As escadas de seguran\u00e7a Avanti s\u00e3o f\u00e1ceis de instalar em f\u00e1bricas de torres e conectam escadas sucessivas de diferentes se\u00e7\u00f5es da torre. &nbsp;<\/p>\n","protected":false},"author":1,"featured_media":0,"parent":2033,"menu_order":0,"comment_status":"closed","ping_status":"closed","template":"product_details.php","meta":{"inline_featured_image":false,"footnotes":""},"class_list":["post-2037","page","type-page","status-publish","hentry"],"_links":{"self":[{"href":"https:\/\/www.avanti-online.com\/pt-br\/wp-json\/wp\/v2\/pages\/2037","targetHints":{"allow":["GET"]}}],"collection":[{"href":"https:\/\/www.avanti-online.com\/pt-br\/wp-json\/wp\/v2\/pages"}],"about":[{"href":"https:\/\/www.avanti-online.com\/pt-br\/wp-json\/wp\/v2\/types\/page"}],"author":[{"embeddable":true,"href":"https:\/\/www.avanti-online.com\/pt-br\/wp-json\/wp\/v2\/users\/1"}],"replies":[{"embeddable":true,"href":"https:\/\/www.avanti-online.com\/pt-br\/wp-json\/wp\/v2\/comments?post=2037"}],"version-history":[{"count":3,"href":"https:\/\/www.avanti-online.com\/pt-br\/wp-json\/wp\/v2\/pages\/2037\/revisions"}],"predecessor-version":[{"id":2083,"href":"https:\/\/www.avanti-online.com\/pt-br\/wp-json\/wp\/v2\/pages\/2037\/revisions\/2083"}],"up":[{"embeddable":true,"href":"https:\/\/www.avanti-online.com\/pt-br\/wp-json\/wp\/v2\/pages\/2033"}],"wp:attachment":[{"href":"https:\/\/www.avanti-online.com\/pt-br\/wp-json\/wp\/v2\/media?parent=2037"}],"curies":[{"name":"wp","href":"https:\/\/api.w.org\/{rel}","templated":true}]}}